{"id":15181,"date":"2021-04-02T09:22:35","date_gmt":"2021-04-02T07:22:35","guid":{"rendered":"https:\/\/auxfilsdelepee.wordpress.com\/?page_id=4"},"modified":"2025-09-03T19:34:20","modified_gmt":"2025-09-03T17:34:20","slug":"isis","status":"publish","type":"page","link":"https:\/\/www.art-le-ny.com\/blog\/sculptures-2\/isis\/","title":{"rendered":"Isis"},"content":{"rendered":"<p style=\"text-align:center;\"><img loading=\"lazy\" decoding=\"async\" class=\"aligncenter wp-image-9104 size-full\" src=\"https:\/\/artleny.files.wordpress.com\/2020\/07\/7eea4-isis-.jpg\" alt=\"\" width=\"472\" height=\"850\"><br \/>\n\u00e7a ressemble \u00e0 de l&rsquo;art ?<br \/>\n\u00e7a veut dire ?<br \/>\nderri\u00e8re une forme il y a une signification .<br \/>\nl&rsquo;art est dans la forme ou dans la signification ?<\/p>\n","protected":false},"excerpt":{"rendered":"<p>\u00e7a ressemble \u00e0 de l&rsquo;art ? \u00e7a veut dire ? derri\u00e8re une forme il y a une signification . l&rsquo;art est dans la forme ou dans la signification ?<\/p>\n","protected":false},"author":1,"featured_media":0,"parent":9448,"menu_order":1,"comment_status":"open","ping_status":"closed","template":"","meta":{"jetpack_post_was_ever_published":false,"footnotes":""},"class_list":["post-15181","page","type-page","status-publish","hentry"],"yoast_head":"<!-- This site is optimized with the Yoast SEO plugin v26.7 - https:\/\/yoast.com\/wordpress\/plugins\/seo\/ -->\n<title>Isis - Soleil couchant<\/title>\n<meta name=\"robots\" content=\"index, follow, max-snippet:-1, max-image-preview:large, max-video-preview:-1\" \/>\n<link rel=\"canonical\" href=\"https:\/\/www.art-le-ny.com\/blog\/sculptures-2\/isis\/\" \/>\n<meta property=\"og:locale\" content=\"fr_FR\" \/>\n<meta property=\"og:type\" content=\"article\" \/>\n<meta property=\"og:title\" content=\"Isis - Soleil couchant\" \/>\n<meta property=\"og:description\" content=\"\u00e7a ressemble \u00e0 de l&rsquo;art ? \u00e7a veut dire ? derri\u00e8re une forme il y a une signification . l&rsquo;art est dans la forme ou dans la signification ?\" \/>\n<meta property=\"og:url\" content=\"https:\/\/www.art-le-ny.com\/blog\/sculptures-2\/isis\/\" \/>\n<meta property=\"og:site_name\" content=\"Soleil couchant\" \/>\n<meta property=\"article:modified_time\" content=\"2025-09-03T17:34:20+00:00\" \/>\n<meta name=\"twitter:card\" content=\"summary_large_image\" \/>\n<script type=\"application\/ld+json\" class=\"yoast-schema-graph\">{\"@context\":\"https:\/\/schema.org\",\"@graph\":[{\"@type\":\"WebPage\",\"@id\":\"https:\/\/www.art-le-ny.com\/blog\/sculptures-2\/isis\/\",\"url\":\"https:\/\/www.art-le-ny.com\/blog\/sculptures-2\/isis\/\",\"name\":\"Isis - Soleil couchant\",\"isPartOf\":{\"@id\":\"https:\/\/www.art-le-ny.com\/blog\/#website\"},\"primaryImageOfPage\":{\"@id\":\"https:\/\/www.art-le-ny.com\/blog\/sculptures-2\/isis\/#primaryimage\"},\"image\":{\"@id\":\"https:\/\/www.art-le-ny.com\/blog\/sculptures-2\/isis\/#primaryimage\"},\"thumbnailUrl\":\"https:\/\/artleny.files.wordpress.com\/2020\/07\/7eea4-isis-.jpg\",\"datePublished\":\"2021-04-02T07:22:35+00:00\",\"dateModified\":\"2025-09-03T17:34:20+00:00\",\"breadcrumb\":{\"@id\":\"https:\/\/www.art-le-ny.com\/blog\/sculptures-2\/isis\/#breadcrumb\"},\"inLanguage\":\"fr-FR\",\"potentialAction\":[{\"@type\":\"ReadAction\",\"target\":[\"https:\/\/www.art-le-ny.com\/blog\/sculptures-2\/isis\/\"]}]},{\"@type\":\"ImageObject\",\"inLanguage\":\"fr-FR\",\"@id\":\"https:\/\/www.art-le-ny.com\/blog\/sculptures-2\/isis\/#primaryimage\",\"url\":\"https:\/\/artleny.files.wordpress.com\/2020\/07\/7eea4-isis-.jpg\",\"contentUrl\":\"https:\/\/artleny.files.wordpress.com\/2020\/07\/7eea4-isis-.jpg\"},{\"@type\":\"BreadcrumbList\",\"@id\":\"https:\/\/www.art-le-ny.com\/blog\/sculptures-2\/isis\/#breadcrumb\",\"itemListElement\":[{\"@type\":\"ListItem\",\"position\":1,\"name\":\"Accueil\",\"item\":\"https:\/\/www.art-le-ny.com\/blog\/\"},{\"@type\":\"ListItem\",\"position\":2,\"name\":\"Sculptures\",\"item\":\"https:\/\/www.art-le-ny.com\/blog\/sculptures-2\/\"},{\"@type\":\"ListItem\",\"position\":3,\"name\":\"Isis\"}]},{\"@type\":\"WebSite\",\"@id\":\"https:\/\/www.art-le-ny.com\/blog\/#website\",\"url\":\"https:\/\/www.art-le-ny.com\/blog\/\",\"name\":\"Soleil couchant\",\"description\":\"De l&#039;Orient vers l&#039;Oc\u00e9an\",\"potentialAction\":[{\"@type\":\"SearchAction\",\"target\":{\"@type\":\"EntryPoint\",\"urlTemplate\":\"https:\/\/www.art-le-ny.com\/blog\/?s={search_term_string}\"},\"query-input\":{\"@type\":\"PropertyValueSpecification\",\"valueRequired\":true,\"valueName\":\"search_term_string\"}}],\"inLanguage\":\"fr-FR\"}]}<\/script>\n<!-- \/ Yoast SEO plugin. -->","yoast_head_json":{"title":"Isis - Soleil couchant","robots":{"index":"index","follow":"follow","max-snippet":"max-snippet:-1","max-image-preview":"max-image-preview:large","max-video-preview":"max-video-preview:-1"},"canonical":"https:\/\/www.art-le-ny.com\/blog\/sculptures-2\/isis\/","og_locale":"fr_FR","og_type":"article","og_title":"Isis - Soleil couchant","og_description":"\u00e7a ressemble \u00e0 de l&rsquo;art ? \u00e7a veut dire ? derri\u00e8re une forme il y a une signification . l&rsquo;art est dans la forme ou dans la signification ?","og_url":"https:\/\/www.art-le-ny.com\/blog\/sculptures-2\/isis\/","og_site_name":"Soleil couchant","article_modified_time":"2025-09-03T17:34:20+00:00","twitter_card":"summary_large_image","schema":{"@context":"https:\/\/schema.org","@graph":[{"@type":"WebPage","@id":"https:\/\/www.art-le-ny.com\/blog\/sculptures-2\/isis\/","url":"https:\/\/www.art-le-ny.com\/blog\/sculptures-2\/isis\/","name":"Isis - Soleil couchant","isPartOf":{"@id":"https:\/\/www.art-le-ny.com\/blog\/#website"},"primaryImageOfPage":{"@id":"https:\/\/www.art-le-ny.com\/blog\/sculptures-2\/isis\/#primaryimage"},"image":{"@id":"https:\/\/www.art-le-ny.com\/blog\/sculptures-2\/isis\/#primaryimage"},"thumbnailUrl":"https:\/\/artleny.files.wordpress.com\/2020\/07\/7eea4-isis-.jpg","datePublished":"2021-04-02T07:22:35+00:00","dateModified":"2025-09-03T17:34:20+00:00","breadcrumb":{"@id":"https:\/\/www.art-le-ny.com\/blog\/sculptures-2\/isis\/#breadcrumb"},"inLanguage":"fr-FR","potentialAction":[{"@type":"ReadAction","target":["https:\/\/www.art-le-ny.com\/blog\/sculptures-2\/isis\/"]}]},{"@type":"ImageObject","inLanguage":"fr-FR","@id":"https:\/\/www.art-le-ny.com\/blog\/sculptures-2\/isis\/#primaryimage","url":"https:\/\/artleny.files.wordpress.com\/2020\/07\/7eea4-isis-.jpg","contentUrl":"https:\/\/artleny.files.wordpress.com\/2020\/07\/7eea4-isis-.jpg"},{"@type":"BreadcrumbList","@id":"https:\/\/www.art-le-ny.com\/blog\/sculptures-2\/isis\/#breadcrumb","itemListElement":[{"@type":"ListItem","position":1,"name":"Accueil","item":"https:\/\/www.art-le-ny.com\/blog\/"},{"@type":"ListItem","position":2,"name":"Sculptures","item":"https:\/\/www.art-le-ny.com\/blog\/sculptures-2\/"},{"@type":"ListItem","position":3,"name":"Isis"}]},{"@type":"WebSite","@id":"https:\/\/www.art-le-ny.com\/blog\/#website","url":"https:\/\/www.art-le-ny.com\/blog\/","name":"Soleil couchant","description":"De l&#039;Orient vers l&#039;Oc\u00e9an","potentialAction":[{"@type":"SearchAction","target":{"@type":"EntryPoint","urlTemplate":"https:\/\/www.art-le-ny.com\/blog\/?s={search_term_string}"},"query-input":{"@type":"PropertyValueSpecification","valueRequired":true,"valueName":"search_term_string"}}],"inLanguage":"fr-FR"}]}},"jetpack_sharing_enabled":true,"jetpack_likes_enabled":true,"_links":{"self":[{"href":"https:\/\/www.art-le-ny.com\/blog\/wp-json\/wp\/v2\/pages\/15181","targetHints":{"allow":["GET"]}}],"collection":[{"href":"https:\/\/www.art-le-ny.com\/blog\/wp-json\/wp\/v2\/pages"}],"about":[{"href":"https:\/\/www.art-le-ny.com\/blog\/wp-json\/wp\/v2\/types\/page"}],"author":[{"embeddable":true,"href":"https:\/\/www.art-le-ny.com\/blog\/wp-json\/wp\/v2\/users\/1"}],"replies":[{"embeddable":true,"href":"https:\/\/www.art-le-ny.com\/blog\/wp-json\/wp\/v2\/comments?post=15181"}],"version-history":[{"count":1,"href":"https:\/\/www.art-le-ny.com\/blog\/wp-json\/wp\/v2\/pages\/15181\/revisions"}],"predecessor-version":[{"id":18779,"href":"https:\/\/www.art-le-ny.com\/blog\/wp-json\/wp\/v2\/pages\/15181\/revisions\/18779"}],"up":[{"embeddable":true,"href":"https:\/\/www.art-le-ny.com\/blog\/wp-json\/wp\/v2\/pages\/9448"}],"wp:attachment":[{"href":"https:\/\/www.art-le-ny.com\/blog\/wp-json\/wp\/v2\/media?parent=15181"}],"curies":[{"name":"wp","href":"https:\/\/api.w.org\/{rel}","templated":true}]}}