{"id":9326,"date":"2017-04-11T22:45:19","date_gmt":"2017-04-11T20:45:19","guid":{"rendered":"http:\/\/www.art-le-ny.fr\/?page_id=9326"},"modified":"2025-09-03T14:29:25","modified_gmt":"2025-09-03T12:29:25","slug":"9326-2","status":"publish","type":"page","link":"https:\/\/www.art-le-ny.com\/blog\/9326-2\/","title":{"rendered":"***"},"content":{"rendered":"<p><img loading=\"lazy\" decoding=\"async\" class=\"aligncenter size-large wp-image-1106\" src=\"https:\/\/artleny.files.wordpress.com\/2020\/07\/60989-corbic3a8res-107.jpg?w=768&amp;h=1024\" alt=\"\" width=\"750\" height=\"1000\" \/>J\u2019attends.<br \/>\nL\u2019hiver j\u2019attends l\u2019\u00e9t\u00e9. L\u2019\u00e9t\u00e9 j\u2019attends l\u2019hiver. L\u2019hiver j\u2019attends toujours autant. j\u2019attends le printemps de la terre pour l\u2019\u00e9t\u00e9 de la vie, j\u2019attends comme Adam.J\u2019attends le bonheur des enfants et de l\u2019univers. Un palais , un ballet dans un palais, un miracle toujours pr\u00e9sent, \u00e9mouvant. Que se d\u00e9ploient les ailes de la cr\u00e9ation et que s\u2019ouvrent ses portes, que nous parle le vivant comme le vent, comme l\u2019arbre et son chant, unit\u00e9 retrouv\u00e9e et m\u00eame respiration.<\/p>\n","protected":false},"excerpt":{"rendered":"<p>J\u2019attends. L\u2019hiver j\u2019attends l\u2019\u00e9t\u00e9. L\u2019\u00e9t\u00e9 j\u2019attends l\u2019hiver. L\u2019hiver j\u2019attends toujours autant. j\u2019attends le printemps de la terre pour l\u2019\u00e9t\u00e9 de la vie, j\u2019attends comme Adam.J\u2019attends le bonheur des enfants et de l\u2019univers. Un palais , un ballet dans un palais, &hellip; <a href=\"https:\/\/www.art-le-ny.com\/blog\/9326-2\/\">Continuer la lecture <span class=\"meta-nav\">&rarr;<\/span><\/a><\/p>\n","protected":false},"author":1,"featured_media":0,"parent":0,"menu_order":0,"comment_status":"closed","ping_status":"closed","template":"","meta":{"jetpack_post_was_ever_published":false,"footnotes":""},"class_list":["post-9326","page","type-page","status-publish","hentry"],"yoast_head":"<!-- This site is optimized with the Yoast SEO plugin v26.7 - https:\/\/yoast.com\/wordpress\/plugins\/seo\/ -->\n<title>*** - Soleil couchant<\/title>\n<meta name=\"robots\" content=\"index, follow, max-snippet:-1, max-image-preview:large, max-video-preview:-1\" \/>\n<link rel=\"canonical\" href=\"https:\/\/www.art-le-ny.com\/blog\/9326-2\/\" \/>\n<meta property=\"og:locale\" content=\"fr_FR\" \/>\n<meta property=\"og:type\" content=\"article\" \/>\n<meta property=\"og:title\" content=\"*** - Soleil couchant\" \/>\n<meta property=\"og:description\" content=\"J\u2019attends. L\u2019hiver j\u2019attends l\u2019\u00e9t\u00e9. L\u2019\u00e9t\u00e9 j\u2019attends l\u2019hiver. L\u2019hiver j\u2019attends toujours autant. j\u2019attends le printemps de la terre pour l\u2019\u00e9t\u00e9 de la vie, j\u2019attends comme Adam.J\u2019attends le bonheur des enfants et de l\u2019univers. Un palais , un ballet dans un palais, &hellip; Continuer la lecture &rarr;\" \/>\n<meta property=\"og:url\" content=\"https:\/\/www.art-le-ny.com\/blog\/9326-2\/\" \/>\n<meta property=\"og:site_name\" content=\"Soleil couchant\" \/>\n<meta property=\"article:modified_time\" content=\"2025-09-03T12:29:25+00:00\" \/>\n<meta property=\"og:image\" content=\"https:\/\/www.art-le-ny.com\/blog\/wp-content\/uploads\/2013\/08\/60989-corbic3a8res-107-scaled.jpg\" \/>\n\t<meta property=\"og:image:width\" content=\"1920\" \/>\n\t<meta property=\"og:image:height\" content=\"2560\" \/>\n\t<meta property=\"og:image:type\" content=\"image\/jpeg\" \/>\n<meta name=\"twitter:card\" content=\"summary_large_image\" \/>\n<meta name=\"twitter:label1\" content=\"Dur\u00e9e de lecture estim\u00e9e\" \/>\n\t<meta name=\"twitter:data1\" content=\"1 minute\" \/>\n<script type=\"application\/ld+json\" class=\"yoast-schema-graph\">{\"@context\":\"https:\/\/schema.org\",\"@graph\":[{\"@type\":\"WebPage\",\"@id\":\"https:\/\/www.art-le-ny.com\/blog\/9326-2\/\",\"url\":\"https:\/\/www.art-le-ny.com\/blog\/9326-2\/\",\"name\":\"*** - Soleil couchant\",\"isPartOf\":{\"@id\":\"https:\/\/www.art-le-ny.com\/blog\/#website\"},\"primaryImageOfPage\":{\"@id\":\"https:\/\/www.art-le-ny.com\/blog\/9326-2\/#primaryimage\"},\"image\":{\"@id\":\"https:\/\/www.art-le-ny.com\/blog\/9326-2\/#primaryimage\"},\"thumbnailUrl\":\"https:\/\/artleny.files.wordpress.com\/2020\/07\/60989-corbic3a8res-107.jpg?w=768&amp;h=1024\",\"datePublished\":\"2017-04-11T20:45:19+00:00\",\"dateModified\":\"2025-09-03T12:29:25+00:00\",\"breadcrumb\":{\"@id\":\"https:\/\/www.art-le-ny.com\/blog\/9326-2\/#breadcrumb\"},\"inLanguage\":\"fr-FR\",\"potentialAction\":[{\"@type\":\"ReadAction\",\"target\":[\"https:\/\/www.art-le-ny.com\/blog\/9326-2\/\"]}]},{\"@type\":\"ImageObject\",\"inLanguage\":\"fr-FR\",\"@id\":\"https:\/\/www.art-le-ny.com\/blog\/9326-2\/#primaryimage\",\"url\":\"https:\/\/artleny.files.wordpress.com\/2020\/07\/60989-corbic3a8res-107.jpg?w=768&amp;h=1024\",\"contentUrl\":\"https:\/\/artleny.files.wordpress.com\/2020\/07\/60989-corbic3a8res-107.jpg?w=768&amp;h=1024\"},{\"@type\":\"BreadcrumbList\",\"@id\":\"https:\/\/www.art-le-ny.com\/blog\/9326-2\/#breadcrumb\",\"itemListElement\":[{\"@type\":\"ListItem\",\"position\":1,\"name\":\"Accueil\",\"item\":\"https:\/\/www.art-le-ny.com\/blog\/\"},{\"@type\":\"ListItem\",\"position\":2,\"name\":\"***\"}]},{\"@type\":\"WebSite\",\"@id\":\"https:\/\/www.art-le-ny.com\/blog\/#website\",\"url\":\"https:\/\/www.art-le-ny.com\/blog\/\",\"name\":\"Soleil couchant\",\"description\":\"De l&#039;Orient vers l&#039;Oc\u00e9an\",\"potentialAction\":[{\"@type\":\"SearchAction\",\"target\":{\"@type\":\"EntryPoint\",\"urlTemplate\":\"https:\/\/www.art-le-ny.com\/blog\/?s={search_term_string}\"},\"query-input\":{\"@type\":\"PropertyValueSpecification\",\"valueRequired\":true,\"valueName\":\"search_term_string\"}}],\"inLanguage\":\"fr-FR\"}]}<\/script>\n<!-- \/ Yoast SEO plugin. -->","yoast_head_json":{"title":"*** - Soleil couchant","robots":{"index":"index","follow":"follow","max-snippet":"max-snippet:-1","max-image-preview":"max-image-preview:large","max-video-preview":"max-video-preview:-1"},"canonical":"https:\/\/www.art-le-ny.com\/blog\/9326-2\/","og_locale":"fr_FR","og_type":"article","og_title":"*** - Soleil couchant","og_description":"J\u2019attends. L\u2019hiver j\u2019attends l\u2019\u00e9t\u00e9. L\u2019\u00e9t\u00e9 j\u2019attends l\u2019hiver. L\u2019hiver j\u2019attends toujours autant. j\u2019attends le printemps de la terre pour l\u2019\u00e9t\u00e9 de la vie, j\u2019attends comme Adam.J\u2019attends le bonheur des enfants et de l\u2019univers. Un palais , un ballet dans un palais, &hellip; Continuer la lecture &rarr;","og_url":"https:\/\/www.art-le-ny.com\/blog\/9326-2\/","og_site_name":"Soleil couchant","article_modified_time":"2025-09-03T12:29:25+00:00","og_image":[{"width":1920,"height":2560,"url":"https:\/\/www.art-le-ny.com\/blog\/wp-content\/uploads\/2013\/08\/60989-corbic3a8res-107-scaled.jpg","type":"image\/jpeg"}],"twitter_card":"summary_large_image","twitter_misc":{"Dur\u00e9e de lecture estim\u00e9e":"1 minute"},"schema":{"@context":"https:\/\/schema.org","@graph":[{"@type":"WebPage","@id":"https:\/\/www.art-le-ny.com\/blog\/9326-2\/","url":"https:\/\/www.art-le-ny.com\/blog\/9326-2\/","name":"*** - Soleil couchant","isPartOf":{"@id":"https:\/\/www.art-le-ny.com\/blog\/#website"},"primaryImageOfPage":{"@id":"https:\/\/www.art-le-ny.com\/blog\/9326-2\/#primaryimage"},"image":{"@id":"https:\/\/www.art-le-ny.com\/blog\/9326-2\/#primaryimage"},"thumbnailUrl":"https:\/\/artleny.files.wordpress.com\/2020\/07\/60989-corbic3a8res-107.jpg?w=768&amp;h=1024","datePublished":"2017-04-11T20:45:19+00:00","dateModified":"2025-09-03T12:29:25+00:00","breadcrumb":{"@id":"https:\/\/www.art-le-ny.com\/blog\/9326-2\/#breadcrumb"},"inLanguage":"fr-FR","potentialAction":[{"@type":"ReadAction","target":["https:\/\/www.art-le-ny.com\/blog\/9326-2\/"]}]},{"@type":"ImageObject","inLanguage":"fr-FR","@id":"https:\/\/www.art-le-ny.com\/blog\/9326-2\/#primaryimage","url":"https:\/\/artleny.files.wordpress.com\/2020\/07\/60989-corbic3a8res-107.jpg?w=768&amp;h=1024","contentUrl":"https:\/\/artleny.files.wordpress.com\/2020\/07\/60989-corbic3a8res-107.jpg?w=768&amp;h=1024"},{"@type":"BreadcrumbList","@id":"https:\/\/www.art-le-ny.com\/blog\/9326-2\/#breadcrumb","itemListElement":[{"@type":"ListItem","position":1,"name":"Accueil","item":"https:\/\/www.art-le-ny.com\/blog\/"},{"@type":"ListItem","position":2,"name":"***"}]},{"@type":"WebSite","@id":"https:\/\/www.art-le-ny.com\/blog\/#website","url":"https:\/\/www.art-le-ny.com\/blog\/","name":"Soleil couchant","description":"De l&#039;Orient vers l&#039;Oc\u00e9an","potentialAction":[{"@type":"SearchAction","target":{"@type":"EntryPoint","urlTemplate":"https:\/\/www.art-le-ny.com\/blog\/?s={search_term_string}"},"query-input":{"@type":"PropertyValueSpecification","valueRequired":true,"valueName":"search_term_string"}}],"inLanguage":"fr-FR"}]}},"jetpack_sharing_enabled":true,"jetpack_likes_enabled":true,"_links":{"self":[{"href":"https:\/\/www.art-le-ny.com\/blog\/wp-json\/wp\/v2\/pages\/9326","targetHints":{"allow":["GET"]}}],"collection":[{"href":"https:\/\/www.art-le-ny.com\/blog\/wp-json\/wp\/v2\/pages"}],"about":[{"href":"https:\/\/www.art-le-ny.com\/blog\/wp-json\/wp\/v2\/types\/page"}],"author":[{"embeddable":true,"href":"https:\/\/www.art-le-ny.com\/blog\/wp-json\/wp\/v2\/users\/1"}],"replies":[{"embeddable":true,"href":"https:\/\/www.art-le-ny.com\/blog\/wp-json\/wp\/v2\/comments?post=9326"}],"version-history":[{"count":1,"href":"https:\/\/www.art-le-ny.com\/blog\/wp-json\/wp\/v2\/pages\/9326\/revisions"}],"predecessor-version":[{"id":18648,"href":"https:\/\/www.art-le-ny.com\/blog\/wp-json\/wp\/v2\/pages\/9326\/revisions\/18648"}],"wp:attachment":[{"href":"https:\/\/www.art-le-ny.com\/blog\/wp-json\/wp\/v2\/media?parent=9326"}],"curies":[{"name":"wp","href":"https:\/\/api.w.org\/{rel}","templated":true}]}}