{"id":9359,"date":"2021-04-02T09:23:08","date_gmt":"2021-04-02T07:23:08","guid":{"rendered":"http:\/\/www.art-le-ny.fr\/?page_id=9359"},"modified":"2025-09-03T19:35:00","modified_gmt":"2025-09-03T17:35:00","slug":"totem-a-tete-delephant","status":"publish","type":"page","link":"https:\/\/www.art-le-ny.com\/blog\/sculptures-2\/totem-a-tete-delephant\/","title":{"rendered":"Totem \u00e0 t\u00eate d&rsquo;\u00e9l\u00e9phant"},"content":{"rendered":"<p><img loading=\"lazy\" decoding=\"async\" class=\"aligncenter size-full wp-image-9153\" src=\"https:\/\/artleny.files.wordpress.com\/2020\/07\/24bad-totem.jpg\" alt=\"\" width=\"222\" height=\"587\"><\/p>\n","protected":false},"excerpt":{"rendered":"","protected":false},"author":1,"featured_media":0,"parent":9448,"menu_order":5,"comment_status":"closed","ping_status":"closed","template":"","meta":{"jetpack_post_was_ever_published":false,"footnotes":""},"class_list":["post-9359","page","type-page","status-publish","hentry"],"yoast_head":"<!-- This site is optimized with the Yoast SEO plugin v26.7 - https:\/\/yoast.com\/wordpress\/plugins\/seo\/ -->\n<title>Totem \u00e0 t\u00eate d&#039;\u00e9l\u00e9phant - Soleil couchant<\/title>\n<meta name=\"robots\" content=\"index, follow, max-snippet:-1, max-image-preview:large, max-video-preview:-1\" \/>\n<link rel=\"canonical\" href=\"https:\/\/www.art-le-ny.com\/blog\/sculptures-2\/totem-a-tete-delephant\/\" \/>\n<meta property=\"og:locale\" content=\"fr_FR\" \/>\n<meta property=\"og:type\" content=\"article\" \/>\n<meta property=\"og:title\" content=\"Totem \u00e0 t\u00eate d&#039;\u00e9l\u00e9phant - Soleil couchant\" \/>\n<meta property=\"og:url\" content=\"https:\/\/www.art-le-ny.com\/blog\/sculptures-2\/totem-a-tete-delephant\/\" \/>\n<meta property=\"og:site_name\" content=\"Soleil couchant\" \/>\n<meta property=\"article:modified_time\" content=\"2025-09-03T17:35:00+00:00\" \/>\n<meta name=\"twitter:card\" content=\"summary_large_image\" \/>\n<script type=\"application\/ld+json\" class=\"yoast-schema-graph\">{\"@context\":\"https:\/\/schema.org\",\"@graph\":[{\"@type\":\"WebPage\",\"@id\":\"https:\/\/www.art-le-ny.com\/blog\/sculptures-2\/totem-a-tete-delephant\/\",\"url\":\"https:\/\/www.art-le-ny.com\/blog\/sculptures-2\/totem-a-tete-delephant\/\",\"name\":\"Totem \u00e0 t\u00eate d'\u00e9l\u00e9phant - Soleil couchant\",\"isPartOf\":{\"@id\":\"https:\/\/www.art-le-ny.com\/blog\/#website\"},\"primaryImageOfPage\":{\"@id\":\"https:\/\/www.art-le-ny.com\/blog\/sculptures-2\/totem-a-tete-delephant\/#primaryimage\"},\"image\":{\"@id\":\"https:\/\/www.art-le-ny.com\/blog\/sculptures-2\/totem-a-tete-delephant\/#primaryimage\"},\"thumbnailUrl\":\"https:\/\/artleny.files.wordpress.com\/2020\/07\/24bad-totem.jpg\",\"datePublished\":\"2021-04-02T07:23:08+00:00\",\"dateModified\":\"2025-09-03T17:35:00+00:00\",\"breadcrumb\":{\"@id\":\"https:\/\/www.art-le-ny.com\/blog\/sculptures-2\/totem-a-tete-delephant\/#breadcrumb\"},\"inLanguage\":\"fr-FR\",\"potentialAction\":[{\"@type\":\"ReadAction\",\"target\":[\"https:\/\/www.art-le-ny.com\/blog\/sculptures-2\/totem-a-tete-delephant\/\"]}]},{\"@type\":\"ImageObject\",\"inLanguage\":\"fr-FR\",\"@id\":\"https:\/\/www.art-le-ny.com\/blog\/sculptures-2\/totem-a-tete-delephant\/#primaryimage\",\"url\":\"https:\/\/artleny.files.wordpress.com\/2020\/07\/24bad-totem.jpg\",\"contentUrl\":\"https:\/\/artleny.files.wordpress.com\/2020\/07\/24bad-totem.jpg\"},{\"@type\":\"BreadcrumbList\",\"@id\":\"https:\/\/www.art-le-ny.com\/blog\/sculptures-2\/totem-a-tete-delephant\/#breadcrumb\",\"itemListElement\":[{\"@type\":\"ListItem\",\"position\":1,\"name\":\"Accueil\",\"item\":\"https:\/\/www.art-le-ny.com\/blog\/\"},{\"@type\":\"ListItem\",\"position\":2,\"name\":\"Sculptures\",\"item\":\"https:\/\/www.art-le-ny.com\/blog\/sculptures-2\/\"},{\"@type\":\"ListItem\",\"position\":3,\"name\":\"Totem \u00e0 t\u00eate d&rsquo;\u00e9l\u00e9phant\"}]},{\"@type\":\"WebSite\",\"@id\":\"https:\/\/www.art-le-ny.com\/blog\/#website\",\"url\":\"https:\/\/www.art-le-ny.com\/blog\/\",\"name\":\"Soleil couchant\",\"description\":\"De l&#039;Orient vers l&#039;Oc\u00e9an\",\"potentialAction\":[{\"@type\":\"SearchAction\",\"target\":{\"@type\":\"EntryPoint\",\"urlTemplate\":\"https:\/\/www.art-le-ny.com\/blog\/?s={search_term_string}\"},\"query-input\":{\"@type\":\"PropertyValueSpecification\",\"valueRequired\":true,\"valueName\":\"search_term_string\"}}],\"inLanguage\":\"fr-FR\"}]}<\/script>\n<!-- \/ Yoast SEO plugin. -->","yoast_head_json":{"title":"Totem \u00e0 t\u00eate d'\u00e9l\u00e9phant - Soleil couchant","robots":{"index":"index","follow":"follow","max-snippet":"max-snippet:-1","max-image-preview":"max-image-preview:large","max-video-preview":"max-video-preview:-1"},"canonical":"https:\/\/www.art-le-ny.com\/blog\/sculptures-2\/totem-a-tete-delephant\/","og_locale":"fr_FR","og_type":"article","og_title":"Totem \u00e0 t\u00eate d'\u00e9l\u00e9phant - Soleil couchant","og_url":"https:\/\/www.art-le-ny.com\/blog\/sculptures-2\/totem-a-tete-delephant\/","og_site_name":"Soleil couchant","article_modified_time":"2025-09-03T17:35:00+00:00","twitter_card":"summary_large_image","schema":{"@context":"https:\/\/schema.org","@graph":[{"@type":"WebPage","@id":"https:\/\/www.art-le-ny.com\/blog\/sculptures-2\/totem-a-tete-delephant\/","url":"https:\/\/www.art-le-ny.com\/blog\/sculptures-2\/totem-a-tete-delephant\/","name":"Totem \u00e0 t\u00eate d'\u00e9l\u00e9phant - Soleil couchant","isPartOf":{"@id":"https:\/\/www.art-le-ny.com\/blog\/#website"},"primaryImageOfPage":{"@id":"https:\/\/www.art-le-ny.com\/blog\/sculptures-2\/totem-a-tete-delephant\/#primaryimage"},"image":{"@id":"https:\/\/www.art-le-ny.com\/blog\/sculptures-2\/totem-a-tete-delephant\/#primaryimage"},"thumbnailUrl":"https:\/\/artleny.files.wordpress.com\/2020\/07\/24bad-totem.jpg","datePublished":"2021-04-02T07:23:08+00:00","dateModified":"2025-09-03T17:35:00+00:00","breadcrumb":{"@id":"https:\/\/www.art-le-ny.com\/blog\/sculptures-2\/totem-a-tete-delephant\/#breadcrumb"},"inLanguage":"fr-FR","potentialAction":[{"@type":"ReadAction","target":["https:\/\/www.art-le-ny.com\/blog\/sculptures-2\/totem-a-tete-delephant\/"]}]},{"@type":"ImageObject","inLanguage":"fr-FR","@id":"https:\/\/www.art-le-ny.com\/blog\/sculptures-2\/totem-a-tete-delephant\/#primaryimage","url":"https:\/\/artleny.files.wordpress.com\/2020\/07\/24bad-totem.jpg","contentUrl":"https:\/\/artleny.files.wordpress.com\/2020\/07\/24bad-totem.jpg"},{"@type":"BreadcrumbList","@id":"https:\/\/www.art-le-ny.com\/blog\/sculptures-2\/totem-a-tete-delephant\/#breadcrumb","itemListElement":[{"@type":"ListItem","position":1,"name":"Accueil","item":"https:\/\/www.art-le-ny.com\/blog\/"},{"@type":"ListItem","position":2,"name":"Sculptures","item":"https:\/\/www.art-le-ny.com\/blog\/sculptures-2\/"},{"@type":"ListItem","position":3,"name":"Totem \u00e0 t\u00eate d&rsquo;\u00e9l\u00e9phant"}]},{"@type":"WebSite","@id":"https:\/\/www.art-le-ny.com\/blog\/#website","url":"https:\/\/www.art-le-ny.com\/blog\/","name":"Soleil couchant","description":"De l&#039;Orient vers l&#039;Oc\u00e9an","potentialAction":[{"@type":"SearchAction","target":{"@type":"EntryPoint","urlTemplate":"https:\/\/www.art-le-ny.com\/blog\/?s={search_term_string}"},"query-input":{"@type":"PropertyValueSpecification","valueRequired":true,"valueName":"search_term_string"}}],"inLanguage":"fr-FR"}]}},"jetpack_sharing_enabled":true,"jetpack_likes_enabled":true,"_links":{"self":[{"href":"https:\/\/www.art-le-ny.com\/blog\/wp-json\/wp\/v2\/pages\/9359","targetHints":{"allow":["GET"]}}],"collection":[{"href":"https:\/\/www.art-le-ny.com\/blog\/wp-json\/wp\/v2\/pages"}],"about":[{"href":"https:\/\/www.art-le-ny.com\/blog\/wp-json\/wp\/v2\/types\/page"}],"author":[{"embeddable":true,"href":"https:\/\/www.art-le-ny.com\/blog\/wp-json\/wp\/v2\/users\/1"}],"replies":[{"embeddable":true,"href":"https:\/\/www.art-le-ny.com\/blog\/wp-json\/wp\/v2\/comments?post=9359"}],"version-history":[{"count":1,"href":"https:\/\/www.art-le-ny.com\/blog\/wp-json\/wp\/v2\/pages\/9359\/revisions"}],"predecessor-version":[{"id":18784,"href":"https:\/\/www.art-le-ny.com\/blog\/wp-json\/wp\/v2\/pages\/9359\/revisions\/18784"}],"up":[{"embeddable":true,"href":"https:\/\/www.art-le-ny.com\/blog\/wp-json\/wp\/v2\/pages\/9448"}],"wp:attachment":[{"href":"https:\/\/www.art-le-ny.com\/blog\/wp-json\/wp\/v2\/media?parent=9359"}],"curies":[{"name":"wp","href":"https:\/\/api.w.org\/{rel}","templated":true}]}}